{"id":2630,"date":"2025-01-08T18:49:37","date_gmt":"2025-01-08T15:49:37","guid":{"rendered":"https:\/\/www.termoproses.com\/about-us\/"},"modified":"2026-04-20T14:59:42","modified_gmt":"2026-04-20T11:59:42","slug":"about-us","status":"publish","type":"page","link":"https:\/\/www.termoproses.com\/en\/about-us\/","title":{"rendered":"About Us"},"content":{"rendered":"\t\t<div data-elementor-type=\"wp-page\" data-elementor-id=\"2630\" class=\"elementor elementor-2630 elementor-17\">\n\t\t\t\t\t\t<section class=\"elementor-section elementor-top-section elementor-element elementor-element-e2a5b52 elementor-section-full_width elementor-section-height-default elementor-section-height-default\" data-id=\"e2a5b52\" data-element_type=\"section\">\n\t\t\t\t\t\t<div class=\"elementor-container elementor-column-gap-default\">\n\t\t\t\t\t<div class=\"elementor-column elementor-col-100 elementor-top-column elementor-element elementor-element-6e59f86\" data-id=\"6e59f86\" data-element_type=\"column\">\n\t\t\t<div class=\"elementor-widget-wrap elementor-element-populated\">\n\t\t\t\t\t\t<div class=\"elementor-element elementor-element-db6e28a elementor-widget elementor-widget-acrepair_about_company_3\" data-id=\"db6e28a\" data-element_type=\"widget\" data-widget_type=\"acrepair_about_company_3.default\">\n\t\t\t\t<div class=\"elementor-widget-container\">\n\t\t\t\t\t\t\n    <!-- About Page Section -->\n    <section class=\"about-page-section\">\n\t\t<div class=\"auto-container\">\n\t\t\t            <!-- Sec Title -->\n\t\t\t<div class=\"sec-title\">\n\t\t\t\t<h2>END\u00dcSTR\u0130YEL SO\u011eUTMA <br>VE SICAKLIK KONTROL\u00dc<\/h2>\n\t\t\t\t<div class=\"separator\"><\/div>\n\t\t\t<\/div>\n\t\t\t            <div class=\"inner-container\">\n\t\t\t\t<p>TERMOPROSES M\u00dcHEND\u0130SL\u0130K olarak enerjinin \u0131s\u0131 formu ile ilgileniyoruz.\nBilindi\u011fi gibi hareketin en k\u00fc\u00e7\u00fc\u011f\u00fcnden en b\u00fcy\u00fc\u011f\u00fcne kadar hepsinin\nneticesinde mutlaka \u0131s\u0131 olu\u015fmaktad\u0131r. Bununla beraber kimyasal\nreaksiyonlar\u0131n bir k\u0131sm\u0131n\u0131n olu\u015fabilmesi i\u00e7in \u0131s\u0131 gerekirken, bir k\u0131sm\u0131n\u0131n\nneticesinde \u0131s\u0131 olu\u015fmaktad\u0131r. \u0130smimizden de anla\u015f\u0131laca\u011f\u0131 \u00fczere; b\u00fct\u00fcn\n\u0131s\u0131l s\u00fcre\u00e7lerde yani \u0131s\u0131n\u0131n var oldu\u011fu b\u00fct\u00fcn s\u00fcre\u00e7lerde var\u0131z. <p>Uzun y\u0131llara dayanan bilgi birikimi ve tecr\u00fcbemizle; end\u00fcstriyel\npaket tip su so\u011futma sistemleri, proses so\u011futucular, pano\nso\u011futucular\u0131 ve pano klimalar\u0131, blowe r hava so\u011futucular\u0131,\nfancoil cihazlar\u0131, hava kaynakl\u0131 \u0131s\u0131 pompalar\u0131, \u0131s\u0131t\u0131clar, ya\u011fl\u0131 ve sulu tip\nend\u00fcstriyel \u015fartland\u0131r\u0131c\u0131lar, a\u00e7\u0131k tip so\u011futma kuleleri, kuru\nso\u011futucular, \u0131s\u0131 e\u015fanj\u00f6rleri, biogaz so\u011futma nem alma sistemleri,\npompa i stasyonlar\u0131, so\u011fuk hava depolar\u0131, muhafaza ve \u015fok\nodalar\u0131, yaprak buz makineleri, kal\u0131p buz tesisleri gibi bir \u00e7ok \u00fcr\u00fcn ve\nhizmetlerle m\u00fc\u015fterilerimize \u00e7\u00f6z\u00fcm ortakl\u0131\u011f\u0131 yapmaktay\u0131z.<\/p>\t\t\t\t                <div class=\"row clearfix\">\n\t\t\t\t\t                    <!-- Column -->\n\t\t\t\t\t<div class=\"column col-lg-6 col-md-6 col-sm-12\">\n\t\t\t\t\t\t<h3>M\u0130SYONUMUZ<\/h3>\t\t\t\t\t\t<p>D\u00fcnyada enerjiye; \u00f6zellikle \u0131s\u0131ya y\u00f6n verebilen, sekt\u00f6rde teknik, teknoloji ve malzeme alanlar\u0131nda\n\u00e7\u0131\u011f\u0131r a\u00e7abilecek ke\u015fifler \u2013 icatlar yapabilen bir d\u00fcnya markas\u0131 olmak; takip eden de\u011fil, edilen\nolmak, AR-GE faaliyetleriyle an\u0131lmak. D\u00fcnyam\u0131z ve dolay\u0131s\u0131 ile insanl\u0131\u011f\u0131n gelece\u011fi i\u00e7in var olan\nbir marka olmak.<\/p>\t\t\t\t\t<\/div>\n\t\t\t\t\t                                        <!-- Column -->\n\t\t\t\t\t<div class=\"column col-lg-6 col-md-6 col-sm-12\">\n\t\t\t\t\t\t<h3>V\u0130ZYONUMUZ<\/h3>\t\t\t\t\t\t<p>\u0130\u015fimizi yaparken de\u011ferlerimiz;\nD\u00fcnyam\u0131z\u0131n kar\u015f\u0131 kar\u015f\u0131ya kalm\u0131\u015f oldu\u011fu en b\u00fcy\u00fck global tehlikelerden biri olan k\u00fcresel\n\u0131s\u0131nmaya kar\u015f\u0131 yap\u0131lmas\u0131 gerekenleri g\u00f6zard\u0131 etmeden,\nyenilenebilir enerji kaynaklar\u0131n\u0131n kullan\u0131m\u0131n\u0131 art\u0131r\u0131lmas\u0131na ve yayg\u0131nla\u015ft\u0131r\u0131lmas\u0131na,\natmosferimizi kirletici gazlar\u0131n sal\u0131n\u0131m\u0131n\u0131 azalt\u0131lmas\u0131na, d\u00fcnyadaki t\u00fcm enerjilerin ve \u00f6zellikle \u0131s\u0131n\u0131n daha verimli kullan\u0131lmas\u0131n\u0131n sa\u011flanmas\u0131n\u0131, enerji israf\u0131na kar\u015f\u0131 daha bilin\u00e7li ve e\u011fitimli bir nesil yeti\u015fmesine, katk\u0131 sa\u011flamakt\u0131r.<\/p>\t\t\t\t\t<\/div>\n                    \t\t\t\t<\/div>\n\t\t\t\t\t\t\t\t<!-- Gallery Outer -->\n\t\t\t\t<div class=\"gallery-outer\">\n\t\t\t\t\t<div class=\"pattern-layer\"  style=\"background-image:url(https:\/\/www.termoproses.com\/wp-content\/uploads\/2022\/12\/heat-cold-icon.png)\"><\/div>\n\t\t\t\t\t<div class=\"masonry-items-container row clearfix\">\n\t\t\t\t\t\t                 \n                        <!-- Gallery Block -->                \n                        <div class=\"gallery-block masonry-item col-lg-4 col-md-6 col-sm-12\">                \n                            <div class=\"inner-box\">\n                                <figure class=\"image-box\">                        \n                                                                           <img fetchpriority=\"high\" decoding=\"async\" width=\"370\" height=\"250\" src=\"https:\/\/www.termoproses.com\/wp-content\/uploads\/2024\/12\/img_1992-370x250.png\" class=\"attachment-acrepair_370x250 size-acrepair_370x250 wp-post-image\" alt=\"\" srcset=\"https:\/\/www.termoproses.com\/wp-content\/uploads\/2024\/12\/img_1992-370x250.png 370w, https:\/\/www.termoproses.com\/wp-content\/uploads\/2024\/12\/img_1992-304x204.png 304w\" sizes=\"(max-width: 370px) 100vw, 370px\" \/>                                                                               \n                                    <!-- Overlay Box -->                            \n                                    <div class=\"overlay-box\">\n                                        <div class=\"overlay-inner\">\n                                            <div class=\"content\">                                    \n                                                <h4><a href=\"\">Termoproses<\/a><\/h4>\n                                                <div class=\"category\">M\u00fchendislik<\/div>\n                                            <\/div>\n                                        <\/div>\n                                    <\/div>\n                                <\/figure>\n                            <\/div>\n                        <\/div>\n                                         \n                        <!-- Gallery Block -->                \n                        <div class=\"gallery-block masonry-item col-lg-4 col-md-6 col-sm-12\">                \n                            <div class=\"inner-box\">\n                                <figure class=\"image-box\">                        \n                                                                           <img decoding=\"async\" width=\"370\" height=\"250\" src=\"https:\/\/www.termoproses.com\/wp-content\/uploads\/2025\/01\/ce-150-370x250.png\" class=\"attachment-acrepair_370x250 size-acrepair_370x250 wp-post-image\" alt=\"\" srcset=\"https:\/\/www.termoproses.com\/wp-content\/uploads\/2025\/01\/ce-150-370x250.png 370w, https:\/\/www.termoproses.com\/wp-content\/uploads\/2025\/01\/ce-150-304x204.png 304w\" sizes=\"(max-width: 370px) 100vw, 370px\" \/>                                                                               \n                                    <!-- Overlay Box -->                            \n                                    <div class=\"overlay-box\">\n                                        <div class=\"overlay-inner\">\n                                            <div class=\"content\">                                    \n                                                <h4><a href=\"\">Termoproses<\/a><\/h4>\n                                                <div class=\"category\">M\u00fchendislik<\/div>\n                                            <\/div>\n                                        <\/div>\n                                    <\/div>\n                                <\/figure>\n                            <\/div>\n                        <\/div>\n                                         \n                        <!-- Gallery Block -->                \n                        <div class=\"gallery-block masonry-item col-lg-4 col-md-6 col-sm-12\">                \n                            <div class=\"inner-box\">\n                                <figure class=\"image-box\">                        \n                                                                           <img decoding=\"async\" width=\"370\" height=\"247\" src=\"https:\/\/www.termoproses.com\/wp-content\/uploads\/2024\/12\/c600-kopya.png\" class=\"attachment-acrepair_370x250 size-acrepair_370x250 wp-post-image\" alt=\"\" srcset=\"https:\/\/www.termoproses.com\/wp-content\/uploads\/2024\/12\/c600-kopya.png 7371w, https:\/\/www.termoproses.com\/wp-content\/uploads\/2024\/12\/c600-kopya-300x200.png 300w, https:\/\/www.termoproses.com\/wp-content\/uploads\/2024\/12\/c600-kopya-1024x683.png 1024w, https:\/\/www.termoproses.com\/wp-content\/uploads\/2024\/12\/c600-kopya-768x512.png 768w, https:\/\/www.termoproses.com\/wp-content\/uploads\/2024\/12\/c600-kopya-1536x1024.png 1536w, https:\/\/www.termoproses.com\/wp-content\/uploads\/2024\/12\/c600-kopya-2048x1365.png 2048w, https:\/\/www.termoproses.com\/wp-content\/uploads\/2024\/12\/c600-kopya-304x204.png 304w, https:\/\/www.termoproses.com\/wp-content\/uploads\/2024\/12\/c600-kopya-360x240.png 360w\" sizes=\"(max-width: 370px) 100vw, 370px\" \/>                                                                               \n                                    <!-- Overlay Box -->                            \n                                    <div class=\"overlay-box\">\n                                        <div class=\"overlay-inner\">\n                                            <div class=\"content\">                                    \n                                                <h4><a href=\"\">Termoproses<\/a><\/h4>\n                                                <div class=\"category\">M\u00fchendislik<\/div>\n                                            <\/div>\n                                        <\/div>\n                                    <\/div>\n                                <\/figure>\n                            <\/div>\n                        <\/div>\n                        \t\t\t\t\t<\/div>\n\t\t\t\t<\/div>\n\t\t\t\t\n\t\t\t<\/div>\n\t\t<\/div>\n\t<\/section>\n\t<!-- End About Page Section -->\n\n        \t\t\t\t<\/div>\n\t\t\t\t<\/div>\n\t\t\t\t\t<\/div>\n\t\t<\/div>\n\t\t\t\t\t<\/div>\n\t\t<\/section>\n\t\t\t\t<\/div>\n\t\t","protected":false},"excerpt":{"rendered":"<p>END\u00dcSTR\u0130YEL SO\u011eUTMA VE SICAKLIK KONTROL\u00dc TERMOPROSES M\u00dcHEND\u0130SL\u0130K olarak enerjinin \u0131s\u0131 formu ile ilgileniyoruz. Bilindi\u011fi gibi hareketin en k\u00fc\u00e7\u00fc\u011f\u00fcnden en b\u00fcy\u00fc\u011f\u00fcne kadar hepsinin neticesinde mutlaka \u0131s\u0131 olu\u015fmaktad\u0131r. Bununla beraber kimyasal reaksiyonlar\u0131n bir k\u0131sm\u0131n\u0131n olu\u015fabilmesi i\u00e7in \u0131s\u0131 gerekirken, bir k\u0131sm\u0131n\u0131n neticesinde \u0131s\u0131 olu\u015fmaktad\u0131r. \u0130smimizden de anla\u015f\u0131laca\u011f\u0131 \u00fczere; b\u00fct\u00fcn \u0131s\u0131l s\u00fcre\u00e7lerde yani \u0131s\u0131n\u0131n var oldu\u011fu b\u00fct\u00fcn s\u00fcre\u00e7lerde var\u0131z. [&hellip;]<\/p>\n","protected":false},"author":1,"featured_media":0,"parent":0,"menu_order":0,"comment_status":"closed","ping_status":"closed","template":"tpl-default-elementor.php","meta":{"footnotes":""},"class_list":["post-2630","page","type-page","status-publish","hentry"],"_links":{"self":[{"href":"https:\/\/www.termoproses.com\/en\/wp-json\/wp\/v2\/pages\/2630","targetHints":{"allow":["GET"]}}],"collection":[{"href":"https:\/\/www.termoproses.com\/en\/wp-json\/wp\/v2\/pages"}],"about":[{"href":"https:\/\/www.termoproses.com\/en\/wp-json\/wp\/v2\/types\/page"}],"author":[{"embeddable":true,"href":"https:\/\/www.termoproses.com\/en\/wp-json\/wp\/v2\/users\/1"}],"replies":[{"embeddable":true,"href":"https:\/\/www.termoproses.com\/en\/wp-json\/wp\/v2\/comments?post=2630"}],"version-history":[{"count":14,"href":"https:\/\/www.termoproses.com\/en\/wp-json\/wp\/v2\/pages\/2630\/revisions"}],"predecessor-version":[{"id":2840,"href":"https:\/\/www.termoproses.com\/en\/wp-json\/wp\/v2\/pages\/2630\/revisions\/2840"}],"wp:attachment":[{"href":"https:\/\/www.termoproses.com\/en\/wp-json\/wp\/v2\/media?parent=2630"}],"curies":[{"name":"wp","href":"https:\/\/api.w.org\/{rel}","templated":true}]}}