{"id":2676,"date":"2025-01-12T02:24:22","date_gmt":"2025-01-11T23:24:22","guid":{"rendered":"https:\/\/www.termoproses.com\/contact-us\/"},"modified":"2026-04-16T17:08:39","modified_gmt":"2026-04-16T14:08:39","slug":"contact-us","status":"publish","type":"page","link":"https:\/\/www.termoproses.com\/en\/contact-us\/","title":{"rendered":"Contact Us"},"content":{"rendered":"\t\t<div data-elementor-type=\"wp-page\" data-elementor-id=\"2676\" class=\"elementor elementor-2676 elementor-34\">\n\t\t\t\t\t\t<section class=\"elementor-section elementor-top-section elementor-element elementor-element-87dcde1 elementor-section-boxed elementor-section-height-default elementor-section-height-default\" data-id=\"87dcde1\" data-element_type=\"section\">\n\t\t\t\t\t\t<div class=\"elementor-container elementor-column-gap-default\">\n\t\t\t\t\t<div class=\"elementor-column elementor-col-100 elementor-top-column elementor-element elementor-element-eb72dfd\" data-id=\"eb72dfd\" data-element_type=\"column\">\n\t\t\t<div class=\"elementor-widget-wrap elementor-element-populated\">\n\t\t\t\t\t\t<div class=\"elementor-element elementor-element-55a6477 elementor-widget elementor-widget-acrepair_get_in_touch\" data-id=\"55a6477\" data-element_type=\"widget\" data-widget_type=\"acrepair_get_in_touch.default\">\n\t\t\t\t<div class=\"elementor-widget-container\">\n\t\t\t\t\t\n           <!-- Contact Section -->\n    <section id=\"contact\" class=\"contact-section \">\n\t\t<div class=\"auto-container\">\n        \t\t\t\t<!-- Sec Title \/ Centered -->            \n\t\t\t<div class=\"sec-title centered\">            \n\t\t\t\t<h2>B\u0130ZE ULA\u015eIN<\/h2>                \n\t\t\t\t<div class=\"separator\"><\/div>                \n\t\t\t<\/div>\n            \t\t\t<div class=\"inner-container\">            \n\t\t\t\t<div class=\"pattern-layer\" style=\"background-image:url(https:\/\/www.termoproses.com\/wp-content\/uploads\/2022\/05\/pattern-2.png);\"><\/div>\n                <div class=\"row clearfix\">\t\t\t\t\n\t\t\t\t\t<!-- Form Column -->\n\t\t\t\t\t<div class=\"form-column col-lg-7 col-md-12 col-sm-12\">                    \n\t\t\t\t\t\t<div class=\"inner-column\">\n\t\t\t\t\t\t\t                            <div class=\"title-box\">                            \n\t\t\t\t\t\t\t\t<h3>\u0130LET\u0130\u015e\u0130ME GE\u00c7\u0130N<\/h3>                  \n\t\t\t\t\t\t\t\t<div class=\"text\">Bizimle ileti\u015fime ge\u00e7mek i\u00e7in a\u015fa\u011f\u0131daki formu doldurabilirsiniz.<br><\/div>                               \n\t\t\t\t\t\t\t<\/div>\n                            \t\t\t\t\t\t\t<!-- Contact Form -->\n\t\t\t\t\t\t\t<div class=\"contact-form\">                                \n\t\t\t\t\t\t\t\t<div class=\"wpforms-container wpforms-container-full\" id=\"wpforms-1704\"><form id=\"wpforms-form-1704\" class=\"wpforms-validate wpforms-form wpforms-ajax-form\" data-formid=\"1704\" method=\"post\" enctype=\"multipart\/form-data\" action=\"\/en\/wp-json\/wp\/v2\/pages\/2676\" data-token=\"2d704e985967f9d9ba5c7f1ce57247ed\" data-token-time=\"1776691419\"><noscript class=\"wpforms-error-noscript\">Please enable JavaScript in your browser to complete this form.<\/noscript><div class=\"wpforms-field-container\"><div id=\"wpforms-1704-field_0-container\" class=\"wpforms-field wpforms-field-name wpforms-one-half wpforms-first\" data-field-id=\"0\"><label class=\"wpforms-field-label\" for=\"wpforms-1704-field_0\">Ad-Soyad <span class=\"wpforms-required-label\">*<\/span><\/label><input type=\"text\" id=\"wpforms-1704-field_0\" class=\"wpforms-field-medium wpforms-field-required\" name=\"wpforms[fields][0]\" required><div class=\"wpforms-field-description\">Ad\u0131n\u0131z\u0131 yaz\u0131n\u0131z.<\/div><\/div><div id=\"wpforms-1704-field_5-container\" class=\"wpforms-field wpforms-field-name wpforms-one-half wpforms-first\" data-field-id=\"5\"><label class=\"wpforms-field-label\" for=\"wpforms-1704-field_5\">Kurum <span class=\"wpforms-required-label\">*<\/span><\/label><input type=\"text\" id=\"wpforms-1704-field_5\" class=\"wpforms-field-medium wpforms-field-required\" name=\"wpforms[fields][5]\" required><div class=\"wpforms-field-description\">Kurumunuzun \u00fcnvan\u0131n\u0131 yaz\u0131n\u0131z.<\/div><\/div><div id=\"wpforms-1704-field_7-container\" class=\"wpforms-field wpforms-field-name wpforms-one-half wpforms-first\" data-field-id=\"7\"><label class=\"wpforms-field-label\" for=\"wpforms-1704-field_7\">Telefon <span class=\"wpforms-required-label\">*<\/span><\/label><input type=\"text\" id=\"wpforms-1704-field_7\" class=\"wpforms-field-medium wpforms-field-required\" name=\"wpforms[fields][7]\" value=\"0 5xx xxx xx xx\" required><div class=\"wpforms-field-description\">Size ula\u015fabilece\u011fimiz bir telefon numaras\u0131 yaz\u0131n\u0131z.<\/div><\/div><div id=\"wpforms-1704-field_1-container\" class=\"wpforms-field wpforms-field-email\" data-field-id=\"1\"><label class=\"wpforms-field-label\" for=\"wpforms-1704-field_1\">Eposta <span class=\"wpforms-required-label\">*<\/span><\/label><input type=\"email\" id=\"wpforms-1704-field_1\" class=\"wpforms-field-medium wpforms-field-required\" name=\"wpforms[fields][1]\" spellcheck=\"false\" required><div class=\"wpforms-field-description\">Eposta adresinizi yaz\u0131n\u0131z.<\/div><\/div><div id=\"wpforms-1704-field_2-container\" class=\"wpforms-field wpforms-field-textarea\" data-field-id=\"2\"><label class=\"wpforms-field-label\" for=\"wpforms-1704-field_2\">L\u00fctfen talebinizi yaz\u0131n\u0131z <span class=\"wpforms-required-label\">*<\/span><\/label><textarea id=\"wpforms-1704-field_2\" class=\"wpforms-field-medium wpforms-field-required\" name=\"wpforms[fields][2]\" required><\/textarea><\/div><div id=\"wpforms-1704-field_4-container\" class=\"wpforms-field wpforms-field-checkbox\" data-field-id=\"4\"><label class=\"wpforms-field-label\">Bizden haberler almak ister misiniz?<\/label><ul id=\"wpforms-1704-field_4\"><li class=\"choice-1 depth-1\"><input type=\"checkbox\" id=\"wpforms-1704-field_4_1\" name=\"wpforms[fields][4][]\" value=\"Evet, istiyorum\"  ><label class=\"wpforms-field-label-inline\" for=\"wpforms-1704-field_4_1\">Evet, istiyorum<\/label><\/li><\/ul><\/div><\/div><!-- .wpforms-field-container --><div class=\"wpforms-submit-container\" ><input type=\"hidden\" name=\"wpforms[id]\" value=\"1704\"><input type=\"hidden\" name=\"page_title\" value=\"\"><input type=\"hidden\" name=\"page_url\" value=\"https:\/\/www.termoproses.com\/en\/wp-json\/wp\/v2\/pages\/2676\"><input type=\"hidden\" name=\"url_referer\" value=\"\"><button type=\"submit\" name=\"wpforms[submit]\" id=\"wpforms-submit-1704\" class=\"wpforms-submit\" data-alt-text=\"G\u00f6nderiliyor\" data-submit-text=\"G\u00f6nder\" aria-live=\"assertive\" value=\"wpforms-submit\">G\u00f6nder<\/button><img decoding=\"async\" src=\"https:\/\/www.termoproses.com\/wp-content\/plugins\/wpforms-lite\/assets\/images\/submit-spin.svg\" class=\"wpforms-submit-spinner\" style=\"display: none;\" width=\"26\" height=\"26\" alt=\"Loading\"><\/div><\/form><\/div>  <!-- .wpforms-container -->\t\t\t\t\t\t\t<\/div>\t\t\t\t\t\t\t\n\t\t\t\t\t\t<\/div>\n\t\t\t\t\t<\/div>\n\t\t\t\t\t\n\t\t\t\t\t<!-- Map Column -->\n                    \n\t\t\t\t\t<div class=\"map-column col-lg-5 col-md-12 col-sm-12\">                    \n\t\t\t\t\t\t<div class=\"inner-column\">\n                        \t\t\t\t\t\t\t\t<div class=\"title-box\">                            \n\t\t\t\t\t\t\t\t<h3>ADRES<\/h3>\n\t\t\t\t\t\t\t<\/div>\n                            \t\t\t\t\t\t\t<ul class=\"addres-list\">\n\t\t\t\t\t\t\t\t                                <li><span class=\"icon icon flaticon-location-1\"><\/span>Yal\u0131 Mahallesi Ba\u011flar Caddesi No: 69 <br> Kartal \/ \u0130STANBUL.\/ T\u00dcRK\u0130YE <br> <\/li>\n\t\t\t\t\t\t\t\t                                <li><span class=\"icon icon flaticon-phone\"><\/span>+90 216 504 71 47<\/li>\n\t\t\t\t\t\t\t\t                                <li><span class=\"icon icon flaticon-email\"><\/span>info@termoproses.com<\/li>\n\t\t\t\t\t\t\t\t\t\t\t\t\t\t\t<\/ul>                        \n\t\t\t\t\t\t\t<!-- Map Boxed -->                            \n\t\t\t\t\t\t\t<div class=\"map-boxed\">                            \n\t\t\t\t\t\t\t\t<iframe src=\"https:\/\/www.google.com\/maps\/embed\/v1\/place?key=AIzaSyAIRdIfZ9ZljHgwaKtxS6D6rNGld-qC28s&q=Termoproses+M\u00fchendislik+Sanayi+Ve+Tic.Ltd.\u015eti.\"\n width=\"600\" height=\"450\" style=\"border:0;\" allowfullscreen=\"\" loading=\"lazy\" referrerpolicy=\"no-referrer-when-downgrade\"><\/iframe>                                \n\t\t\t\t\t\t\t<\/div>                            \n\t\t\t\t\t\t<\/div>\n\t\t\t\t\t<\/div>\t\t\t\t\t\n\t\t\t\t<\/div>\n\t\t\t<\/div>\n\t\t<\/div>\n\t<\/section>\n\t<!-- End Contact Section -->\n\n\t\t\t\t\t\t<\/div>\n\t\t\t\t<\/div>\n\t\t\t\t\t<\/div>\n\t\t<\/div>\n\t\t\t\t\t<\/div>\n\t\t<\/section>\n\t\t\t\t<\/div>\n\t\t","protected":false},"excerpt":{"rendered":"<p>B\u0130ZE ULA\u015eIN \u0130LET\u0130\u015e\u0130ME GE\u00c7\u0130N Bizimle ileti\u015fime ge\u00e7mek i\u00e7in a\u015fa\u011f\u0131daki formu doldurabilirsiniz. Bu formu bitirebilmek i\u00e7in taray\u0131c\u0131n\u0131zda JavaScript&#039;i etkinle\u015ftirin.Ad-Soyad *Ad\u0131n\u0131z\u0131 yaz\u0131n\u0131z.Kurum *Kurumunuzun \u00fcnvan\u0131n\u0131 yaz\u0131n\u0131z.Telefon *Size ula\u015fabilece\u011fimiz bir telefon numaras\u0131 yaz\u0131n\u0131z.Eposta *Eposta adresinizi yaz\u0131n\u0131z.L\u00fctfen talebinizi yaz\u0131n\u0131z *Bizden haberler almak ister misiniz? Evet, istiyorum G\u00f6nder ADRES Yal\u0131 Mahallesi Ba\u011flar Caddesi No: 69 Kartal \/ \u0130STANBUL.\/ T\u00dcRK\u0130YE +90 216 [&hellip;]<\/p>\n","protected":false},"author":1,"featured_media":0,"parent":0,"menu_order":0,"comment_status":"closed","ping_status":"closed","template":"","meta":{"footnotes":""},"class_list":["post-2676","page","type-page","status-publish","hentry"],"_links":{"self":[{"href":"https:\/\/www.termoproses.com\/en\/wp-json\/wp\/v2\/pages\/2676","targetHints":{"allow":["GET"]}}],"collection":[{"href":"https:\/\/www.termoproses.com\/en\/wp-json\/wp\/v2\/pages"}],"about":[{"href":"https:\/\/www.termoproses.com\/en\/wp-json\/wp\/v2\/types\/page"}],"author":[{"embeddable":true,"href":"https:\/\/www.termoproses.com\/en\/wp-json\/wp\/v2\/users\/1"}],"replies":[{"embeddable":true,"href":"https:\/\/www.termoproses.com\/en\/wp-json\/wp\/v2\/comments?post=2676"}],"version-history":[{"count":11,"href":"https:\/\/www.termoproses.com\/en\/wp-json\/wp\/v2\/pages\/2676\/revisions"}],"predecessor-version":[{"id":2954,"href":"https:\/\/www.termoproses.com\/en\/wp-json\/wp\/v2\/pages\/2676\/revisions\/2954"}],"wp:attachment":[{"href":"https:\/\/www.termoproses.com\/en\/wp-json\/wp\/v2\/media?parent=2676"}],"curies":[{"name":"wp","href":"https:\/\/api.w.org\/{rel}","templated":true}]}}