{"id":1960,"date":"2023-03-22T17:24:56","date_gmt":"2023-03-22T14:24:56","guid":{"rendered":"https:\/\/www.termoproses.com\/?post_type=product&#038;p=1960"},"modified":"2023-03-22T17:39:49","modified_gmt":"2023-03-22T14:39:49","slug":"ct-1-mp","status":"publish","type":"product","link":"https:\/\/www.termoproses.com\/en\/urun\/ct-1-mp\/","title":{"rendered":"CT-1.MP"},"content":{"rendered":"<p>Enerji verimlili\u011fini esas alan tasar\u0131m.<br \/>\nG\u00fcvenilirli\u011fi ispatlanm\u0131\u015f d\u00fcnya markas\u0131 ekipmanlar.<br \/>\nY\u00fcksek kaliteli f\u0131r\u0131n boyal\u0131 \u015fase.<br \/>\nCE\/AT uygunluk beyan\u0131<br \/>\n7\/24 teknik servis imkan\u0131.<br \/>\n2 y\u0131l garanti.<br \/>\n<span style=\"font-size: 8pt;\">*Teknik bilgiler standart model i\u00e7in ge\u00e7erlidir. Talep do\u011frultusunda projeye ve uygulamaya uygun tasar\u0131mlar ile m\u00fc\u015fteriye \u00f6zelle\u015ftirilmi\u015f cihazlar \u00fcretilmektedir.<\/span><br \/>\n<span style=\"font-size: 8pt;\">*Termoproses herhangi bir taraf\u0131 bilgilendirmeden modellerinde de\u011fi\u015fiklik yapma hakk\u0131n\u0131 sakl\u0131 tutar.<\/span><\/p>\n","protected":false},"excerpt":{"rendered":"<table style=\"width: 47.8047%;\" width=\"363\">\n<tbody>\n<tr>\n<td style=\"width: 152.762%;\" colspan=\"3\" width=\"363\">CT-1.MP<\/td>\n<\/tr>\n<tr>\n<td style=\"width: 53.5912%;\">Y\u00dcKSEKL\u0130K<\/td>\n<td style=\"width: 24.0331%;\">A (mm)<\/td>\n<td style=\"width: 75.1381%;\">2650<\/td>\n<\/tr>\n<tr>\n<td style=\"width: 53.5912%;\">SU G\u0130R\u0130\u015e Y\u00dcKSEKL\u0130\u011e\u0130<\/td>\n<td style=\"width: 24.0331%;\">B (mm)<\/td>\n<td style=\"width: 75.1381%;\">1800<\/td>\n<\/tr>\n<tr>\n<td style=\"width: 53.5912%;\">SU G\u0130R\u0130\u015e MESAFES\u0130<\/td>\n<td style=\"width: 24.0331%;\">C1 (mm)<\/td>\n<td style=\"width: 75.1381%;\">500<\/td>\n<\/tr>\n<tr>\n<td style=\"width: 53.5912%;\">FAN \u00c7API<\/td>\n<td style=\"width: 24.0331%;\">D (mm)<\/td>\n<td style=\"width: 75.1381%;\">630<\/td>\n<\/tr>\n<tr>\n<td style=\"width: 53.5912%;\" rowspan=\"2\">YATAY B\u0130LE\u015eENLER<\/td>\n<td style=\"width: 24.0331%;\">E (mm)<\/td>\n<td style=\"width: 75.1381%;\">1000<\/td>\n<\/tr>\n<tr>\n<td style=\"width: 24.0331%;\">F (mm)<\/td>\n<td style=\"width: 75.1381%;\">1000<\/td>\n<\/tr>\n<tr>\n<td style=\"width: 53.5912%;\">BO\u015e A\u011eIRLIK<\/td>\n<td style=\"width: 24.0331%;\">(kg)<\/td>\n<td style=\"width: 75.1381%;\">150<\/td>\n<\/tr>\n<tr>\n<td style=\"width: 53.5912%;\">\u00c7ALI\u015eMA A\u011eIRLI\u011eI<\/td>\n<td style=\"width: 24.0331%;\">(kg)<\/td>\n<td style=\"width: 75.1381%;\">450<\/td>\n<\/tr>\n<tr>\n<td style=\"width: 53.5912%;\">KAPAS\u0130TE<\/td>\n<td style=\"width: 24.0331%;\">(kcal\/h)<\/td>\n<td style=\"width: 75.1381%;\">90.000<\/td>\n<\/tr>\n<tr>\n<td style=\"width: 53.5912%;\">DEB\u0130<\/td>\n<td style=\"width: 24.0331%;\">(m\u00b3\/h)<\/td>\n<td style=\"width: 75.1381%;\">18<\/td>\n<\/tr>\n<\/tbody>\n<\/table>\n","protected":false},"featured_media":1946,"template":"","meta":[],"product_brand":[],"product_cat":[74],"product_tag":[100],"class_list":{"0":"post-1960","1":"product","2":"type-product","3":"status-publish","4":"has-post-thumbnail","6":"product_cat-sogutma_kule","7":"product_tag-su-sogutma-kulesi","9":"first","10":"instock","11":"sold-individually","12":"shipping-taxable","13":"purchasable","14":"product-type-simple"},"_links":{"self":[{"href":"https:\/\/www.termoproses.com\/en\/wp-json\/wp\/v2\/product\/1960","targetHints":{"allow":["GET"]}}],"collection":[{"href":"https:\/\/www.termoproses.com\/en\/wp-json\/wp\/v2\/product"}],"about":[{"href":"https:\/\/www.termoproses.com\/en\/wp-json\/wp\/v2\/types\/product"}],"wp:featuredmedia":[{"embeddable":true,"href":"https:\/\/www.termoproses.com\/en\/wp-json\/wp\/v2\/media\/1946"}],"wp:attachment":[{"href":"https:\/\/www.termoproses.com\/en\/wp-json\/wp\/v2\/media?parent=1960"}],"wp:term":[{"taxonomy":"product_brand","embeddable":true,"href":"https:\/\/www.termoproses.com\/en\/wp-json\/wp\/v2\/product_brand?post=1960"},{"taxonomy":"product_cat","embeddable":true,"href":"https:\/\/www.termoproses.com\/en\/wp-json\/wp\/v2\/product_cat?post=1960"},{"taxonomy":"product_tag","embeddable":true,"href":"https:\/\/www.termoproses.com\/en\/wp-json\/wp\/v2\/product_tag?post=1960"}],"curies":[{"name":"wp","href":"https:\/\/api.w.org\/{rel}","templated":true}]}}