{"id":1970,"date":"2023-03-27T14:47:45","date_gmt":"2023-03-27T11:47:45","guid":{"rendered":"https:\/\/www.termoproses.com\/?post_type=product&#038;p=1970"},"modified":"2025-01-02T14:20:16","modified_gmt":"2025-01-02T11:20:16","slug":"bac-15","status":"publish","type":"product","link":"https:\/\/www.termoproses.com\/en\/urun\/bac-15\/","title":{"rendered":"BAC-15"},"content":{"rendered":"<p class=\"font_0\">Blown film ekstruder hatlar\u0131nda \u00fcretim h\u0131z\u0131n\u0131 ve kalitesini y\u00fckseltmenize katk\u0131 sa\u011flayacak bir cihaz.<br \/>\nEnerji verimlili\u011fini esas alan tasar\u0131m.<br \/>\nG\u00fcvenilirli\u011fi ispatlanm\u0131\u015f d\u00fcnya markas\u0131 ekipmanlar.<br \/>\nY\u00fcksek kaliteli f\u0131r\u0131n boyal\u0131 \u015fase.<br \/>\nCE\/AT uygunluk beyan\u0131<br \/>\n7\/24 teknik servis imkan\u0131.<br \/>\n2 y\u0131l garanti.<br \/>\n<span style=\"font-size: 8pt;\">*Teknik bilgiler standart model i\u00e7in ge\u00e7erlidir. Talep do\u011frultusunda projeye ve uygulamaya uygun tasar\u0131mlar ile m\u00fc\u015fteriye \u00f6zelle\u015ftirilmi\u015f cihazlar \u00fcretilmektedir.<\/span><br \/>\n<span style=\"font-size: 8pt;\">*Termoproses herhangi bir taraf\u0131 bilgilendirmeden modellerinde de\u011fi\u015fiklik yapma hakk\u0131n\u0131 sakl\u0131 tutar.<\/span><\/p>\n","protected":false},"excerpt":{"rendered":"<table style=\"width: 65.7315%;\" width=\"557\">\n<tbody>\n<tr>\n<td style=\"width: 29.2857%;\" width=\"159\"><\/td>\n<td style=\"width: 14.8214%;\" width=\"71\"><\/td>\n<td style=\"width: 87.4643%;\" width=\"327\">BAC-15<\/td>\n<\/tr>\n<tr>\n<td style=\"width: 29.2857%;\">So\u011futma Kapasitesi<\/td>\n<td style=\"width: 14.8214%;\">kW<\/td>\n<td style=\"width: 87.4643%;\">18,86<\/td>\n<\/tr>\n<tr>\n<td style=\"width: 29.2857%;\">Hava Debisi<\/td>\n<td style=\"width: 14.8214%;\">m\u00b3\/h<\/td>\n<td style=\"width: 87.4643%;\">1.500<\/td>\n<\/tr>\n<tr>\n<td style=\"width: 29.2857%;\">So\u011futucu Ak\u0131\u015fkan<\/td>\n<td style=\"width: 14.8214%;\"><\/td>\n<td style=\"width: 87.4643%;\">Su<\/td>\n<\/tr>\n<tr>\n<td style=\"width: 29.2857%;\">Su Giri\u015f\/\u00c7\u0131k\u0131\u015f S\u0131cakl\u0131\u011f\u0131<\/td>\n<td style=\"width: 14.8214%;\">\u00b0C<\/td>\n<td style=\"width: 87.4643%;\">12 \/ 7<\/td>\n<\/tr>\n<tr>\n<td style=\"width: 29.2857%;\">Ak\u0131\u015fkan Kontrol\u00fc<\/td>\n<td style=\"width: 14.8214%;\"><\/td>\n<td style=\"width: 87.4643%;\">2 Yollu, Elektrik Akt\u00fcat\u00f6rl\u00fc, Oransal Kontroll\u00fc Vana<\/td>\n<\/tr>\n<tr>\n<td style=\"width: 29.2857%;\">So\u011futma Bataryas\u0131<\/td>\n<td style=\"width: 14.8214%;\"><\/td>\n<td style=\"width: 87.4643%;\">Al\u00fcminyum Lamelli Bak\u0131r Borulu<\/td>\n<\/tr>\n<tr>\n<td style=\"width: 29.2857%;\">Hava Giri\u015f \/ \u00c7\u0131k\u0131\u015f S\u0131cakl\u0131\u011f\u0131<\/td>\n<td style=\"width: 14.8214%;\">\u00b0C<\/td>\n<td style=\"width: 87.4643%;\">35 \/ 15<\/td>\n<\/tr>\n<tr>\n<td style=\"width: 29.2857%;\">Su Debisi<\/td>\n<td style=\"width: 14.8214%;\">m\u00b3\/h<\/td>\n<td style=\"width: 87.4643%;\">3,2<\/td>\n<\/tr>\n<tr>\n<td style=\"width: 29.2857%;\">Hava Filtresi<\/td>\n<td style=\"width: 14.8214%;\"><\/td>\n<td style=\"width: 87.4643%;\">F4 De\u011fi\u015ftirilebilir Kaset Filtre<\/td>\n<\/tr>\n<tr>\n<td style=\"width: 29.2857%;\">Damla Tutucu<\/td>\n<td style=\"width: 14.8214%;\"><\/td>\n<td style=\"width: 87.4643%;\">PVC-\u015eapkal\u0131<\/td>\n<\/tr>\n<tr>\n<td style=\"width: 29.2857%;\">S\u0131cakl\u0131k Kontrol<\/td>\n<td style=\"width: 14.8214%;\"><\/td>\n<td style=\"width: 87.4643%;\">Mikroi\u015flemci Tabanl\u0131 Dijital Termostad<\/td>\n<\/tr>\n<tr>\n<td style=\"width: 29.2857%;\">Gerilim ve Frekans<\/td>\n<td style=\"width: 14.8214%;\">V \/ Hz \/ Ph<\/td>\n<td style=\"width: 87.4643%;\">220 \/ 50 \/ 1<\/td>\n<\/tr>\n<tr>\n<td style=\"width: 29.2857%;\">Su Taraf\u0131 Ba\u011flant\u0131lar<\/td>\n<td style=\"width: 14.8214%;\">G \/ \u00c7<\/td>\n<td style=\"width: 87.4643%;\">1-1\/4\u201d\u00a0 \/ 1-1\/4\u201d<\/td>\n<\/tr>\n<tr>\n<td style=\"width: 29.2857%;\">Hava Taraf\u0131 \u00c7\u0131k\u0131\u015f \u00c7ap\u0131<\/td>\n<td style=\"width: 14.8214%;\">mm<\/td>\n<td style=\"width: 87.4643%;\">220<\/td>\n<\/tr>\n<tr>\n<td style=\"width: 29.2857%;\">Renk<\/td>\n<td style=\"width: 14.8214%;\">Ral<\/td>\n<td style=\"width: 87.4643%;\">6034 &#8211; 7021<\/td>\n<\/tr>\n<\/tbody>\n<\/table>\n","protected":false},"featured_media":2579,"template":"","meta":[],"product_brand":[],"product_cat":[79],"product_tag":[94,112,113,114],"class_list":{"0":"post-1970","1":"product","2":"type-product","3":"status-publish","4":"has-post-thumbnail","6":"product_cat-blower","7":"product_tag-bac","8":"product_tag-bac-15","9":"product_tag-blown-film-extrusion-cooling","10":"product_tag-internal-bubble-cooling","12":"first","13":"instock","14":"sold-individually","15":"shipping-taxable","16":"purchasable","17":"product-type-simple"},"_links":{"self":[{"href":"https:\/\/www.termoproses.com\/en\/wp-json\/wp\/v2\/product\/1970","targetHints":{"allow":["GET"]}}],"collection":[{"href":"https:\/\/www.termoproses.com\/en\/wp-json\/wp\/v2\/product"}],"about":[{"href":"https:\/\/www.termoproses.com\/en\/wp-json\/wp\/v2\/types\/product"}],"wp:featuredmedia":[{"embeddable":true,"href":"https:\/\/www.termoproses.com\/en\/wp-json\/wp\/v2\/media\/2579"}],"wp:attachment":[{"href":"https:\/\/www.termoproses.com\/en\/wp-json\/wp\/v2\/media?parent=1970"}],"wp:term":[{"taxonomy":"product_brand","embeddable":true,"href":"https:\/\/www.termoproses.com\/en\/wp-json\/wp\/v2\/product_brand?post=1970"},{"taxonomy":"product_cat","embeddable":true,"href":"https:\/\/www.termoproses.com\/en\/wp-json\/wp\/v2\/product_cat?post=1970"},{"taxonomy":"product_tag","embeddable":true,"href":"https:\/\/www.termoproses.com\/en\/wp-json\/wp\/v2\/product_tag?post=1970"}],"curies":[{"name":"wp","href":"https:\/\/api.w.org\/{rel}","templated":true}]}}