{"id":2361,"date":"2024-12-13T11:35:08","date_gmt":"2024-12-13T08:35:08","guid":{"rendered":"https:\/\/www.termoproses.com\/?post_type=product&#038;p=2361"},"modified":"2024-12-31T17:35:20","modified_gmt":"2024-12-31T14:35:20","slug":"c-400-a-sw-407c","status":"publish","type":"product","link":"https:\/\/www.termoproses.com\/en\/urun\/c-400-a-sw-407c\/","title":{"rendered":"C-400.A.SW.407C"},"content":{"rendered":"<p>Vidal\u0131 kompres\u00f6rl\u00fc, hava so\u011futmal\u0131 kondenserli su so\u011futma grubu.<br \/>\nEnerji verimlili\u011fini esas alan tasar\u0131m.<br \/>\nG\u00fcvenilirli\u011fi ispatlanm\u0131\u015f d\u00fcnya markas\u0131 ekipmanlar.<br \/>\nY\u00fcksek kaliteli f\u0131r\u0131n boyal\u0131 \u015fase.<br \/>\nCE\/AT uygunluk beyan\u0131<br \/>\n7\/24 teknik servis imkan\u0131.<br \/>\n2 y\u0131l garanti.<br \/>\n<span style=\"font-size: 8pt;\">*Teknik bilgiler standart model i\u00e7in ge\u00e7erlidir. Talep do\u011frultusunda projeye ve uygulamaya uygun tasar\u0131mlar ile m\u00fc\u015fteriye \u00f6zelle\u015ftirilmi\u015f cihazlar \u00fcretilmektedir.<\/span><br \/>\n<span style=\"font-size: 8pt;\">*Termoproses herhangi bir taraf\u0131 bilgilendirmeden modellerinde de\u011fi\u015fiklik yapma hakk\u0131n\u0131 sakl\u0131 tutar.<\/span><\/p>\n","protected":false},"excerpt":{"rendered":"<table style=\"width: 72.1091%;\" width=\"486\">\n<tbody>\n<tr>\n<td style=\"width: 28.5714%;\" width=\"175\">Teknik Bilgiler<\/td>\n<td style=\"width: 14.898%;\" width=\"45\"><\/td>\n<td style=\"width: 14.898%;\" width=\"52\"><\/td>\n<td style=\"width: 97.0481%;\" width=\"214\">C-400.A.SW.407C<\/td>\n<\/tr>\n<tr>\n<td style=\"width: 28.5714%;\" rowspan=\"2\">So\u011futma Kapasitesi<\/td>\n<td style=\"width: 14.898%;\"><\/td>\n<td style=\"width: 14.898%;\">kCal<\/td>\n<td style=\"width: 97.0481%;\" width=\"131\">416.240,00<\/td>\n<\/tr>\n<tr>\n<td style=\"width: 14.898%;\"><\/td>\n<td style=\"width: 14.898%;\">kW<\/td>\n<td style=\"width: 97.0481%;\">484,00<\/td>\n<\/tr>\n<tr>\n<td style=\"width: 28.5714%;\">Su \u00c7\u0131k\u0131\u015f \u00c7al\u0131\u015fma Aral\u0131\u011f\u0131<\/td>\n<td style=\"width: 14.898%;\"><\/td>\n<td style=\"width: 14.898%;\">\u00b0C<\/td>\n<td style=\"width: 97.0481%;\">-5\/30<\/td>\n<\/tr>\n<tr>\n<td style=\"width: 28.5714%;\">MaX Ortam S\u0131cakl\u0131\u011f\u0131<\/td>\n<td style=\"width: 14.898%;\"><\/td>\n<td style=\"width: 14.898%;\">\u00b0C<\/td>\n<td style=\"width: 97.0481%;\">+40 (R134A with + 60)<\/td>\n<\/tr>\n<tr>\n<td style=\"width: 28.5714%;\">So\u011futucu Ak\u0131\u015fkan<\/td>\n<td style=\"width: 14.898%;\"><\/td>\n<td style=\"width: 14.898%;\"><\/td>\n<td style=\"width: 97.0481%;\">R 407C<\/td>\n<\/tr>\n<tr>\n<td style=\"width: 28.5714%;\">Kompres\u00f6r Verimi<\/td>\n<td style=\"width: 14.898%;\"><\/td>\n<td style=\"width: 14.898%;\"><\/td>\n<td style=\"width: 97.0481%;\" width=\"131\">4,17<\/td>\n<\/tr>\n<tr>\n<td style=\"width: 28.5714%;\">Nom. Kompres\u00f6r G\u00fcc\u00fc<\/td>\n<td style=\"width: 14.898%;\"><\/td>\n<td style=\"width: 14.898%;\">kW<\/td>\n<td style=\"width: 97.0481%;\">2 X 58<\/td>\n<\/tr>\n<tr>\n<td style=\"width: 28.5714%;\">Fan G\u00fcc\u00fc<\/td>\n<td style=\"width: 14.898%;\"><\/td>\n<td style=\"width: 14.898%;\">kW<\/td>\n<td style=\"width: 97.0481%;\">12 X 1,94<\/td>\n<\/tr>\n<tr>\n<td style=\"width: 28.5714%;\">Fan Say\u0131s\u0131 \/ \u00c7ap<\/td>\n<td style=\"width: 14.898%;\"><\/td>\n<td style=\"width: 14.898%;\">ad\/mm<\/td>\n<td style=\"width: 97.0481%;\">12 X 800<\/td>\n<\/tr>\n<tr>\n<td style=\"width: 28.5714%;\" rowspan=\"3\">\u0130\u00e7 Pompa<\/td>\n<td style=\"width: 14.898%;\">Debi<\/td>\n<td style=\"width: 14.898%;\">m\u00b3\/h<\/td>\n<td style=\"width: 97.0481%;\">90<\/td>\n<\/tr>\n<tr>\n<td style=\"width: 14.898%;\">Bas\u0131n\u00e7<\/td>\n<td style=\"width: 14.898%;\">Bar<\/td>\n<td style=\"width: 97.0481%;\">1,5<\/td>\n<\/tr>\n<tr>\n<td style=\"width: 14.898%;\">G\u00fc\u00e7<\/td>\n<td style=\"width: 14.898%;\">kW<\/td>\n<td style=\"width: 97.0481%;\">5,5<\/td>\n<\/tr>\n<tr>\n<td style=\"width: 28.5714%;\">\u00c7al\u0131\u015fma Gerilimi (Standart)<\/td>\n<td style=\"width: 14.898%;\"><\/td>\n<td style=\"width: 14.898%;\">V \/ Hz<\/td>\n<td style=\"width: 97.0481%;\">400 \/ 50 \/ 3<\/td>\n<\/tr>\n<tr>\n<td style=\"width: 28.5714%;\">Nom Top. G\u00fc\u00e7 T\u00fck.<\/td>\n<td style=\"width: 14.898%;\"><\/td>\n<td style=\"width: 14.898%;\">kW<\/td>\n<td style=\"width: 97.0481%;\" width=\"131\">144,78<\/td>\n<\/tr>\n<tr>\n<td style=\"width: 28.5714%;\">Ba\u011flant\u0131lar<\/td>\n<td style=\"width: 14.898%;\"><\/td>\n<td style=\"width: 14.898%;\">G \/ \u00c7<\/td>\n<td style=\"width: 97.0481%;\">5&#8243; \/ 4&#8243;<\/td>\n<\/tr>\n<tr>\n<td style=\"width: 28.5714%;\">\u00d6l\u00e7\u00fcler<\/td>\n<td style=\"width: 14.898%;\"><\/td>\n<td style=\"width: 14.898%;\">mm<\/td>\n<td style=\"width: 97.0481%;\">2260 X 9000 X 2560<\/td>\n<\/tr>\n<tr>\n<td style=\"width: 28.5714%;\">Net A\u011f\u0131rl\u0131k<\/td>\n<td style=\"width: 14.898%;\"><\/td>\n<td style=\"width: 14.898%;\">kg<\/td>\n<td style=\"width: 97.0481%;\">6300<\/td>\n<\/tr>\n<tr>\n<td style=\"width: 28.5714%;\">Renk<\/td>\n<td style=\"width: 14.898%;\"><\/td>\n<td style=\"width: 14.898%;\">RAL<\/td>\n<td style=\"width: 97.0481%;\">6034-7021<\/td>\n<\/tr>\n<\/tbody>\n<\/table>\n","protected":false},"featured_media":2573,"template":"","meta":[],"product_brand":[],"product_cat":[71],"product_tag":[124,144,129,128],"class_list":{"0":"post-2361","1":"product","2":"type-product","3":"status-publish","4":"has-post-thumbnail","6":"product_cat-screw","7":"product_tag-air-cooled-chiller","8":"product_tag-c-400-a-sw-407c","9":"product_tag-hava-sogutmali-su-sogutma-grubu","10":"product_tag-vidali-kompresorlu-su-sogutma-grubu","12":"first","13":"instock","14":"sold-individually","15":"shipping-taxable","16":"purchasable","17":"product-type-simple"},"_links":{"self":[{"href":"https:\/\/www.termoproses.com\/en\/wp-json\/wp\/v2\/product\/2361","targetHints":{"allow":["GET"]}}],"collection":[{"href":"https:\/\/www.termoproses.com\/en\/wp-json\/wp\/v2\/product"}],"about":[{"href":"https:\/\/www.termoproses.com\/en\/wp-json\/wp\/v2\/types\/product"}],"wp:featuredmedia":[{"embeddable":true,"href":"https:\/\/www.termoproses.com\/en\/wp-json\/wp\/v2\/media\/2573"}],"wp:attachment":[{"href":"https:\/\/www.termoproses.com\/en\/wp-json\/wp\/v2\/media?parent=2361"}],"wp:term":[{"taxonomy":"product_brand","embeddable":true,"href":"https:\/\/www.termoproses.com\/en\/wp-json\/wp\/v2\/product_brand?post=2361"},{"taxonomy":"product_cat","embeddable":true,"href":"https:\/\/www.termoproses.com\/en\/wp-json\/wp\/v2\/product_cat?post=2361"},{"taxonomy":"product_tag","embeddable":true,"href":"https:\/\/www.termoproses.com\/en\/wp-json\/wp\/v2\/product_tag?post=2361"}],"curies":[{"name":"wp","href":"https:\/\/api.w.org\/{rel}","templated":true}]}}