{"id":2368,"date":"2024-12-13T11:57:58","date_gmt":"2024-12-13T08:57:58","guid":{"rendered":"https:\/\/www.termoproses.com\/?post_type=product&#038;p=2368"},"modified":"2024-12-30T17:07:46","modified_gmt":"2024-12-30T14:07:46","slug":"c-40-a-sl-407c","status":"publish","type":"product","link":"https:\/\/www.termoproses.com\/en\/urun\/c-40-a-sl-407c\/","title":{"rendered":"C-40.A.SL.407C"},"content":{"rendered":"<p>Scroll kompres\u00f6rl\u00fc, hava so\u011futmal\u0131 kondenserli su so\u011futma grubu.<br \/>\nEnerji verimlili\u011fini esas alan tasar\u0131m.<br \/>\nG\u00fcvenilirli\u011fi ispatlanm\u0131\u015f d\u00fcnya markas\u0131 ekipmanlar.<br \/>\nY\u00fcksek kaliteli f\u0131r\u0131n boyal\u0131 \u015fase.<br \/>\nCE\/AT uygunluk beyan\u0131<br \/>\n7\/24 teknik servis imkan\u0131.<br \/>\n2 y\u0131l garanti.<br \/>\n<span style=\"font-size: 8pt;\">*Teknik bilgiler standart model i\u00e7in ge\u00e7erlidir. Talep do\u011frultusunda projeye ve uygulamaya uygun tasar\u0131mlar ile m\u00fc\u015fteriye \u00f6zelle\u015ftirilmi\u015f cihazlar \u00fcretilmektedir.<\/span><br \/>\n<span style=\"font-size: 8pt;\">*Termoproses herhangi bir taraf\u0131 bilgilendirmeden modellerinde de\u011fi\u015fiklik yapma hakk\u0131n\u0131 sakl\u0131 tutar.<\/span><\/p>\n","protected":false},"excerpt":{"rendered":"<table style=\"width: 73.7174%;\" width=\"462\">\n<tbody>\n<tr>\n<td style=\"width: 28.0514%;\" width=\"175\">Teknik Bilgiler<\/td>\n<td style=\"width: 15.6317%;\" width=\"45\"><\/td>\n<td style=\"width: 15.6317%;\" width=\"52\"><\/td>\n<td style=\"width: 101.787%;\" width=\"190\">C-40.A.SL.407C<\/td>\n<\/tr>\n<tr>\n<td style=\"width: 28.0514%;\" rowspan=\"2\">So\u011futma Kapasitesi<\/td>\n<td style=\"width: 15.6317%;\"><\/td>\n<td style=\"width: 15.6317%;\">kCal<\/td>\n<td style=\"width: 101.787%;\" width=\"131\">29378<\/td>\n<\/tr>\n<tr>\n<td style=\"width: 15.6317%;\"><\/td>\n<td style=\"width: 15.6317%;\">kW<\/td>\n<td style=\"width: 101.787%;\">34,23<\/td>\n<\/tr>\n<tr>\n<td style=\"width: 28.0514%;\">Su \u00c7\u0131k\u0131\u015f \u00c7al\u0131\u015fma Aral\u0131\u011f\u0131<\/td>\n<td style=\"width: 15.6317%;\"><\/td>\n<td style=\"width: 15.6317%;\">\u00b0C<\/td>\n<td style=\"width: 101.787%;\">-5\/30<\/td>\n<\/tr>\n<tr>\n<td style=\"width: 28.0514%;\">Max Ortam S\u0131cakl\u0131\u011f\u0131<\/td>\n<td style=\"width: 15.6317%;\"><\/td>\n<td style=\"width: 15.6317%;\">\u00b0C<\/td>\n<td style=\"width: 101.787%;\">+40<\/td>\n<\/tr>\n<tr>\n<td style=\"width: 28.0514%;\">So\u011futucu Ak\u0131\u015fkan<\/td>\n<td style=\"width: 15.6317%;\"><\/td>\n<td style=\"width: 15.6317%;\"><\/td>\n<td style=\"width: 101.787%;\">R 407C<\/td>\n<\/tr>\n<tr>\n<td style=\"width: 28.0514%;\">Kompres\u00f6r Verimi<\/td>\n<td style=\"width: 15.6317%;\"><\/td>\n<td style=\"width: 15.6317%;\"><\/td>\n<td style=\"width: 101.787%;\" width=\"131\">5,79<\/td>\n<\/tr>\n<tr>\n<td style=\"width: 28.0514%;\">Nom. Kompres\u00f6r G\u00fcc\u00fc<\/td>\n<td style=\"width: 15.6317%;\"><\/td>\n<td style=\"width: 15.6317%;\">kW<\/td>\n<td style=\"width: 101.787%;\">7,12<\/td>\n<\/tr>\n<tr>\n<td style=\"width: 28.0514%;\">Fan G\u00fcc\u00fc<\/td>\n<td style=\"width: 15.6317%;\"><\/td>\n<td style=\"width: 15.6317%;\">kW<\/td>\n<td style=\"width: 101.787%;\">2 X 0,72<\/td>\n<\/tr>\n<tr>\n<td style=\"width: 28.0514%;\">Fan Say\u0131s\u0131 \/ \u00c7ap<\/td>\n<td style=\"width: 15.6317%;\"><\/td>\n<td style=\"width: 15.6317%;\">ad\/mm<\/td>\n<td style=\"width: 101.787%;\">2 X 500<\/td>\n<\/tr>\n<tr>\n<td style=\"width: 28.0514%;\" rowspan=\"3\">\u0130\u00e7 Pompa<\/td>\n<td style=\"width: 15.6317%;\">Debi<\/td>\n<td style=\"width: 15.6317%;\">m\u00b3\/h<\/td>\n<td style=\"width: 101.787%;\">&#8211;<\/td>\n<\/tr>\n<tr>\n<td style=\"width: 15.6317%;\">Bas\u0131n\u00e7<\/td>\n<td style=\"width: 15.6317%;\">Bar<\/td>\n<td style=\"width: 101.787%;\">&#8211;<\/td>\n<\/tr>\n<tr>\n<td style=\"width: 15.6317%;\">G\u00fc\u00e7<\/td>\n<td style=\"width: 15.6317%;\">kW<\/td>\n<td style=\"width: 101.787%;\">&#8211;<\/td>\n<\/tr>\n<tr>\n<td style=\"width: 28.0514%;\" rowspan=\"3\">D\u0131\u015f Pompa<\/td>\n<td style=\"width: 15.6317%;\">Debi<\/td>\n<td style=\"width: 15.6317%;\">m\u00b3\/h<\/td>\n<td style=\"width: 101.787%;\">6,5<\/td>\n<\/tr>\n<tr>\n<td style=\"width: 15.6317%;\">Bas\u0131n\u00e7<\/td>\n<td style=\"width: 15.6317%;\">Bar<\/td>\n<td style=\"width: 101.787%;\">3,7<\/td>\n<\/tr>\n<tr>\n<td style=\"width: 15.6317%;\">G\u00fc\u00e7<\/td>\n<td style=\"width: 15.6317%;\">kW<\/td>\n<td style=\"width: 101.787%;\">1,5<\/td>\n<\/tr>\n<tr>\n<td style=\"width: 28.0514%;\">Tank Hacmi<\/td>\n<td style=\"width: 15.6317%;\"><\/td>\n<td style=\"width: 15.6317%;\">L<\/td>\n<td style=\"width: 101.787%;\">144<\/td>\n<\/tr>\n<tr>\n<td style=\"width: 28.0514%;\">\u00c7al\u0131\u015fma Gerilimi (Standart)<\/td>\n<td style=\"width: 15.6317%;\"><\/td>\n<td style=\"width: 15.6317%;\">V \/ Hz<\/td>\n<td style=\"width: 101.787%;\"><\/td>\n<\/tr>\n<tr>\n<td style=\"width: 28.0514%;\">Nom Top. G\u00fc\u00e7 T\u00fck.<\/td>\n<td style=\"width: 15.6317%;\"><\/td>\n<td style=\"width: 15.6317%;\">kW<\/td>\n<td style=\"width: 101.787%;\">10,06<\/td>\n<\/tr>\n<tr>\n<td style=\"width: 28.0514%;\">Ba\u011flant\u0131lar<\/td>\n<td style=\"width: 15.6317%;\"><\/td>\n<td style=\"width: 15.6317%;\">G \/ \u00c7<\/td>\n<td style=\"width: 101.787%;\">1&#8243; \/ 1&#8243;<\/td>\n<\/tr>\n<tr>\n<td style=\"width: 28.0514%;\">\u00d6l\u00e7\u00fcler<\/td>\n<td style=\"width: 15.6317%;\"><\/td>\n<td style=\"width: 15.6317%;\">mm<\/td>\n<td style=\"width: 101.787%;\">1310 X 1710 X 1626<\/td>\n<\/tr>\n<tr>\n<td style=\"width: 28.0514%;\">Net A\u011f\u0131rl\u0131k<\/td>\n<td style=\"width: 15.6317%;\"><\/td>\n<td style=\"width: 15.6317%;\">kg<\/td>\n<td style=\"width: 101.787%;\">555<\/td>\n<\/tr>\n<tr>\n<td style=\"width: 28.0514%;\">Renk<\/td>\n<td style=\"width: 15.6317%;\"><\/td>\n<td style=\"width: 15.6317%;\">RAL<\/td>\n<td style=\"width: 101.787%;\">6034-7021<\/td>\n<\/tr>\n<\/tbody>\n<\/table>\n","protected":false},"featured_media":2517,"template":"","meta":[],"product_brand":[],"product_cat":[70],"product_tag":[124,140,123,126,125],"class_list":{"0":"post-2368","1":"product","2":"type-product","3":"status-publish","4":"has-post-thumbnail","6":"product_cat-scroll","7":"product_tag-air-cooled-chiller","8":"product_tag-c-40-a-sl-407c","9":"product_tag-chiller","10":"product_tag-scroll-kompresorlu-su-sogutma-grubu","11":"product_tag-su-sogutma-grubu","13":"first","14":"instock","15":"sold-individually","16":"shipping-taxable","17":"purchasable","18":"product-type-simple"},"_links":{"self":[{"href":"https:\/\/www.termoproses.com\/en\/wp-json\/wp\/v2\/product\/2368","targetHints":{"allow":["GET"]}}],"collection":[{"href":"https:\/\/www.termoproses.com\/en\/wp-json\/wp\/v2\/product"}],"about":[{"href":"https:\/\/www.termoproses.com\/en\/wp-json\/wp\/v2\/types\/product"}],"wp:featuredmedia":[{"embeddable":true,"href":"https:\/\/www.termoproses.com\/en\/wp-json\/wp\/v2\/media\/2517"}],"wp:attachment":[{"href":"https:\/\/www.termoproses.com\/en\/wp-json\/wp\/v2\/media?parent=2368"}],"wp:term":[{"taxonomy":"product_brand","embeddable":true,"href":"https:\/\/www.termoproses.com\/en\/wp-json\/wp\/v2\/product_brand?post=2368"},{"taxonomy":"product_cat","embeddable":true,"href":"https:\/\/www.termoproses.com\/en\/wp-json\/wp\/v2\/product_cat?post=2368"},{"taxonomy":"product_tag","embeddable":true,"href":"https:\/\/www.termoproses.com\/en\/wp-json\/wp\/v2\/product_tag?post=2368"}],"curies":[{"name":"wp","href":"https:\/\/api.w.org\/{rel}","templated":true}]}}